{"id":8013,"date":"2016-12-12T20:43:03","date_gmt":"2016-12-12T20:43:03","guid":{"rendered":"http:\/\/richardbull.ca\/bull-0404"},"modified":"2025-03-13T22:09:02","modified_gmt":"2025-03-13T22:09:02","slug":"bull-0442","status":"publish","type":"page","link":"https:\/\/richardbull.ca\/fr\/bull-0442\/","title":{"rendered":"BULL-0442"},"content":{"rendered":"<div class=\"wpb-content-wrapper\"><p>[vc_row bg_color=\u00a0\u00bb#000000&Prime;][vc_column]<hr  class=\"noo-gap\" >[vc_column_text]<\/p>\n<h3 style=\"text-align: center;\"><span style=\"color: #ffffff;\">BULL-0442<\/span><\/h3>\n<p>[\/vc_column_text]<hr  class=\"noo-gap\" >[vc_separator color=\u00a0\u00bb\u00a0\u00bb space_after=\u00a0\u00bb100&Prime;][\/vc_column][\/vc_row][vc_row padding_bottom=\u00a0\u00bb50&Prime; bg_color=\u00a0\u00bb#EEEEEE\u00a0\u00bb][vc_column width=\u00a0\u00bb2\/3&Prime; alignment=\u00a0\u00bbcenter\u00a0\u00bb custom_style=\u00a0\u00bbpadding-left: 80px;\u00a0\u00bb]<hr  class=\"noo-gap\" >[vc_single_image image=\u00a0\u00bb9832&Prime; onclick=\u00a0\u00bbcustom_link\u00a0\u00bb][\/vc_column][vc_column width=\u00a0\u00bb1\/3&Prime;]<hr  class=\"noo-gap\" >[vc_row_inner][vc_column_inner width=\u00a0\u00bb2\/3&Prime;][vc_column_text]<span style=\"color: #333333;\"><strong>Particules 1<\/strong><\/span><\/p>\n<p><span style=\"color: #333333;\">76 x 102 cm \/ 30 po x 40 po<br \/>\n<\/span><span style=\"color: #333333;\">BULL-0442<\/span><\/p>\n<p>Technique mixte. Charbon de bois d&rsquo;\u00e9rable concass\u00e9, agr\u00e9gat organique s\u00e9ch\u00e9 au four, aquarelle et acrylique sur toile tendue sur un cadre en bouleau, fini avec un vernis d&rsquo;archive.<\/p>\n<p>Certificat d&rsquo;authenticit\u00e9 d\u00e9livr\u00e9 par l&rsquo;Artiste.<\/p>\n<p><span style=\"color: #333333;\">\u2192 disponible<\/span>[\/vc_column_text][\/vc_column_inner][vc_column_inner width=\u00a0\u00bb1\/3&Prime;]<hr  class=\"noo-gap\" >[\/vc_column_inner][\/vc_row_inner]<hr  class=\"noo-gap\" style=\" margin: 80px 0 0 0;\">[vc_column_text]<b>Cliquez sur les images ci-dessous pour plus de d\u00e9tails :<\/b>[\/vc_column_text]<hr  class=\"noo-gap\" style=\" margin: 20px 0 0 0;\">[vc_row_inner][vc_column_inner width=\u00a0\u00bb1\/4&Prime;]<a href=\"https:\/\/i0.wp.com\/richardbull.ca\/wp-content\/uploads\/2025\/02\/Bull_0442_1.jpg?ssl=1\"    id=\"noo-lightbox-item-1\" class=\"noo-lightbox-item\"  >\n<img decoding=\"async\" src=\"https:\/\/i0.wp.com\/richardbull.ca\/wp-content\/uploads\/2025\/02\/Bull_0442_1.jpg?resize=150%2C150&ssl=1\"   >\n<\/a>[\/vc_column_inner][vc_column_inner width=\u00a0\u00bb1\/4&Prime;]<a href=\"https:\/\/i0.wp.com\/richardbull.ca\/wp-content\/uploads\/2025\/02\/Bull_0442_2.jpg?ssl=1\"    id=\"noo-lightbox-item-2\" class=\"noo-lightbox-item\"  >\n<img decoding=\"async\" src=\"https:\/\/i0.wp.com\/richardbull.ca\/wp-content\/uploads\/2025\/02\/Bull_0442_2.jpg?resize=150%2C150&ssl=1\"   >\n<\/a>[\/vc_column_inner][vc_column_inner width=\u00a0\u00bb1\/4&Prime;]<a href=\"https:\/\/i0.wp.com\/richardbull.ca\/wp-content\/uploads\/2025\/02\/Bull_0442_3.jpg?ssl=1\"    id=\"noo-lightbox-item-3\" class=\"noo-lightbox-item\"  >\n<img decoding=\"async\" src=\"https:\/\/i0.wp.com\/richardbull.ca\/wp-content\/uploads\/2025\/02\/Bull_0442_3.jpg?resize=150%2C150&ssl=1\"   >\n<\/a>[\/vc_column_inner][vc_column_inner width=\u00a0\u00bb1\/4&Prime;]<hr  class=\"noo-gap\" >[\/vc_column_inner][\/vc_row_inner][\/vc_column][\/vc_row]<\/p>\n<\/div>","protected":false},"excerpt":{"rendered":"<p>[vc_row bg_color=\u00a0\u00bb#000000&Prime;][vc_column][vc_column_text] BULL-0442 [\/vc_column_text][vc_separator color=\u00a0\u00bb\u00a0\u00bb space_after=\u00a0\u00bb100&Prime;][\/vc_column][\/vc_row][vc_row padding_bottom=\u00a0\u00bb50&Prime; bg_color=\u00a0\u00bb#EEEEEE\u00a0\u00bb][vc_column width=\u00a0\u00bb2\/3&Prime; alignment=\u00a0\u00bbcenter\u00a0\u00bb custom_style=\u00a0\u00bbpadding-left: 80px;\u00a0\u00bb][vc_single_image image=\u00a0\u00bb9832&Prime; onclick=\u00a0\u00bbcustom_link\u00a0\u00bb][\/vc_column][vc_column width=\u00a0\u00bb1\/3&Prime;][vc_row_inner][vc_column_inner width=\u00a0\u00bb2\/3&Prime;][vc_column_text]Particules 1 76 x 102 cm \/ 30 po x 40 po BULL-0442 Technique mixte. Charbon de bois d&rsquo;\u00e9rable concass\u00e9, agr\u00e9gat organique s\u00e9ch\u00e9 au four, aquarelle et acrylique sur toile tendue sur un cadre en bouleau, fini avec un vernis d&rsquo;archive. Certificat d&rsquo;authenticit\u00e9 d\u00e9livr\u00e9 par<\/p>\n","protected":false},"author":1,"featured_media":0,"parent":0,"menu_order":0,"comment_status":"closed","ping_status":"closed","template":"page-full-width.php","meta":{"_monsterinsights_skip_tracking":false,"_monsterinsights_sitenote_active":false,"_monsterinsights_sitenote_note":"","_monsterinsights_sitenote_category":0,"_uf_show_specific_survey":0,"_uf_disable_surveys":false,"footnotes":""},"class_list":["post-8013","page","type-page","status-publish","hentry","no-featured"],"aioseo_notices":[],"jetpack_sharing_enabled":true,"_links":{"self":[{"href":"https:\/\/richardbull.ca\/fr\/wp-json\/wp\/v2\/pages\/8013","targetHints":{"allow":["GET"]}}],"collection":[{"href":"https:\/\/richardbull.ca\/fr\/wp-json\/wp\/v2\/pages"}],"about":[{"href":"https:\/\/richardbull.ca\/fr\/wp-json\/wp\/v2\/types\/page"}],"author":[{"embeddable":true,"href":"https:\/\/richardbull.ca\/fr\/wp-json\/wp\/v2\/users\/1"}],"replies":[{"embeddable":true,"href":"https:\/\/richardbull.ca\/fr\/wp-json\/wp\/v2\/comments?post=8013"}],"version-history":[{"count":7,"href":"https:\/\/richardbull.ca\/fr\/wp-json\/wp\/v2\/pages\/8013\/revisions"}],"predecessor-version":[{"id":10370,"href":"https:\/\/richardbull.ca\/fr\/wp-json\/wp\/v2\/pages\/8013\/revisions\/10370"}],"wp:attachment":[{"href":"https:\/\/richardbull.ca\/fr\/wp-json\/wp\/v2\/media?parent=8013"}],"curies":[{"name":"wp","href":"https:\/\/api.w.org\/{rel}","templated":true}]}}