{"id":7988,"date":"2014-12-25T01:49:03","date_gmt":"2014-12-25T01:49:03","guid":{"rendered":"http:\/\/richardbull.ca\/home"},"modified":"2025-03-10T16:11:45","modified_gmt":"2025-03-10T16:11:45","slug":"home","status":"publish","type":"page","link":"https:\/\/richardbull.ca\/fr\/","title":{"rendered":"Accueil"},"content":{"rendered":"<div class=\"wpb-content-wrapper\"><p>[vc_row][vc_column]<hr  class=\"noo-gap\" style=\" margin: 120px 0 0 0;\">[vc_column_text]<\/p>\n<h2 style=\"text-align: center; font-size: 30px;\">Richard Bull<\/h2>\n<p style=\"text-align: center; font-size: 12px;\">L\u2019ART DE VIVRE<\/p>\n<p>[\/vc_column_text]<hr  class=\"noo-gap\" style=\" margin: 30px 0 0 0;\">[vc_column_text]<\/p>\n<p>Combinant la peinture acrylique avec des \u00e9l\u00e9ments de la nature, l\u2019art de Richard Bull est unique dans son ex\u00e9cution et son ambiance r\u00e9sultante. Son art est, ou du moins aspire \u00e0 \u00eatre, une expression vive et un rappel lointain de nos origines organiques et spirituelles. Suspendu dans une zone particuli\u00e8re entre la sculpture discr\u00e8te et la peinture expressive, les \u0153uvres sont mises en mouvements par les lumi\u00e8res changeantes de notre vie au quotidien.<\/p>\n<p>[\/vc_column_text]<hr  class=\"noo-gap\" style=\" margin: 40px 0 0 0;\">[vc_btn title=\u00a0\u00bbEXPLOREZ\u00a0\u00bb color=\u00a0\u00bbinverse\u00a0\u00bb size=\u00a0\u00bblg\u00a0\u00bb align=\u00a0\u00bbcenter\u00a0\u00bb css=\u00a0\u00bb\u00a0\u00bb link=\u00a0\u00bburl:https%3A%2F%2Frichardbull.ca%2Ffr%2Fgalerie%2F|title:Galerie\u00a0\u00bb][\/vc_column][\/vc_row][vc_row padding_top=\u00a0\u00bb50&Prime; padding_bottom=\u00a0\u00bb50&Prime; bg_color=\u00a0\u00bb#000000&Prime; custom_style=\u00a0\u00bbpadding-right: 75px; padding-left: 75px;\u00a0\u00bb][vc_column][vc_column_text]<\/p>\n<h3><span style=\"color: #ffffff;\">Plus r\u00e9cents<\/span><\/h3>\n<p>[\/vc_column_text]<hr  class=\"noo-gap\" style=\" margin: 80px 0 0 0;\">[vc_row_inner][vc_column_inner width=\u00a0\u00bb2\/3&Prime;][vc_single_image image=\u00a0\u00bb9904&Prime; add_caption=\u00a0\u00bbyes\u00a0\u00bb onclick=\u00a0\u00bbcustom_link\u00a0\u00bb link=\u00a0\u00bbhttps:\/\/richardbull.ca\/fr\/bull-0448\/\u00a0\u00bb href=\u00a0\u00bbhttps:\/\/richardbull.ca\/fr\/bull-0448\/\u00a0\u00bb][\/vc_column_inner][vc_column_inner width=\u00a0\u00bb1\/3&Prime;][vc_column_text]<span style=\"color: #ffffff;\"><strong>Mount Kalash is waiting<\/strong><\/span><\/p>\n<p><span style=\"color: #ffffff;\">152 x 152 cm \/ 60 po x 60 po<\/span><br \/>\n<span style=\"color: #ffffff;\">BULL-0448<\/span><\/p>\n<p><span style=\"color: #ffffff;\">Technique mixte. Mat\u00e9riaux organiques aseptiques, acrylique m\u00e9dium<span class=\"Apple-converted-space\">\u00a0 <\/span>et vernis sur toile de coton sur support en bouleau.<\/span><\/p>\n<p><span style=\"color: #ffffff;\">\u2192 disponible<\/span>[\/vc_column_text][\/vc_column_inner][\/vc_row_inner][\/vc_column][\/vc_row][vc_row padding_top=\u00a0\u00bb50&Prime; padding_bottom=\u00a0\u00bb50&Prime; bg_color=\u00a0\u00bb#ffffff\u00a0\u00bb custom_style=\u00a0\u00bbpadding-left: 75px; padding-right: 75px;\u00a0\u00bb][vc_column][vc_column_text]<\/p>\n<h3>Peintures r\u00e9centes<\/h3>\n<p>[\/vc_column_text]<hr  class=\"noo-gap\" style=\" margin: 30px 0 0 0;\">[vc_row_inner][vc_column_inner width=\u00a0\u00bb1\/3&Prime;][vc_single_image image=\u00a0\u00bb9864&Prime; onclick=\u00a0\u00bbcustom_link\u00a0\u00bb link=\u00a0\u00bbhttps:\/\/richardbull.ca\/fr\/bull-0444&Prime; href=\u00a0\u00bbhttps:\/\/richardbull.ca\/fr\/bull-0444&Prime;][\/vc_column_inner][vc_column_inner width=\u00a0\u00bb1\/3&Prime;][vc_single_image image=\u00a0\u00bb9961&Prime; onclick=\u00a0\u00bbcustom_link\u00a0\u00bb link=\u00a0\u00bbhttps:\/\/richardbull.ca\/fr\/bull-0454&Prime; href=\u00a0\u00bbhttps:\/\/richardbull.ca\/fr\/bull-0454&Prime;][\/vc_column_inner][vc_column_inner width=\u00a0\u00bb1\/3&Prime;][vc_single_image image=\u00a0\u00bb9922&Prime; onclick=\u00a0\u00bbcustom_link\u00a0\u00bb href=\u00a0\u00bbhttps:\/\/richardbull.ca\/fr\/bull-0451&Prime; link=\u00a0\u00bbhttps:\/\/richardbull.ca\/fr\/bull-0451&Prime;][\/vc_column_inner][\/vc_row_inner]<hr  class=\"noo-gap\" >[vc_btn title=\u00a0\u00bbVisitez la galerie\u00a0\u00bb color=\u00a0\u00bbinverse\u00a0\u00bb size=\u00a0\u00bblg\u00a0\u00bb align=\u00a0\u00bbcenter\u00a0\u00bb css=\u00a0\u00bb\u00a0\u00bb link=\u00a0\u00bburl:https%3A%2F%2Frichardbull.ca%2Ffr%2Fgalerie%2F|title:Galerie\u00a0\u00bb]<hr  class=\"noo-gap\" style=\" margin: 100px 0 0 0;\"><div  class=\"noo-video-embed\" ><iframe loading=\"lazy\" width=\"1109\" height=\"624\" src=\"https:\/\/www.youtube.com\/embed\/ZacwtNzSQp8\" title=\"Bull Art Gallery \u00ab Recent paintings \u00bb\" frameborder=\"0\" allow=\"accelerometer; autoplay; clipboard-write; encrypted-media; gyroscope; picture-in-picture; web-share\" referrerpolicy=\"strict-origin-when-cross-origin\" allowfullscreen><\/iframe><\/div>[\/vc_column][\/vc_row][vc_row][vc_column]<hr  class=\"noo-gap\" >[\/vc_column][\/vc_row]<\/p>\n<\/div>","protected":false},"excerpt":{"rendered":"<p>[vc_row][vc_column][vc_column_text] Richard Bull L\u2019ART DE VIVRE [\/vc_column_text][vc_column_text] Combinant la peinture acrylique avec des \u00e9l\u00e9ments de la nature, l\u2019art de Richard Bull est unique dans son ex\u00e9cution et son ambiance r\u00e9sultante. Son art est, ou du moins aspire \u00e0 \u00eatre, une expression vive et un rappel lointain de nos origines organiques et spirituelles. Suspendu dans une zone particuli\u00e8re entre la sculpture<\/p>\n","protected":false},"author":1,"featured_media":0,"parent":0,"menu_order":0,"comment_status":"open","ping_status":"closed","template":"","meta":{"_monsterinsights_skip_tracking":false,"_monsterinsights_sitenote_active":false,"_monsterinsights_sitenote_note":"","_monsterinsights_sitenote_category":0,"_uf_show_specific_survey":0,"_uf_disable_surveys":false,"footnotes":""},"class_list":["post-7988","page","type-page","status-publish","hentry","no-featured"],"aioseo_notices":[],"jetpack_sharing_enabled":true,"_links":{"self":[{"href":"https:\/\/richardbull.ca\/fr\/wp-json\/wp\/v2\/pages\/7988","targetHints":{"allow":["GET"]}}],"collection":[{"href":"https:\/\/richardbull.ca\/fr\/wp-json\/wp\/v2\/pages"}],"about":[{"href":"https:\/\/richardbull.ca\/fr\/wp-json\/wp\/v2\/types\/page"}],"author":[{"embeddable":true,"href":"https:\/\/richardbull.ca\/fr\/wp-json\/wp\/v2\/users\/1"}],"replies":[{"embeddable":true,"href":"https:\/\/richardbull.ca\/fr\/wp-json\/wp\/v2\/comments?post=7988"}],"version-history":[{"count":20,"href":"https:\/\/richardbull.ca\/fr\/wp-json\/wp\/v2\/pages\/7988\/revisions"}],"predecessor-version":[{"id":10325,"href":"https:\/\/richardbull.ca\/fr\/wp-json\/wp\/v2\/pages\/7988\/revisions\/10325"}],"wp:attachment":[{"href":"https:\/\/richardbull.ca\/fr\/wp-json\/wp\/v2\/media?parent=7988"}],"curies":[{"name":"wp","href":"https:\/\/api.w.org\/{rel}","templated":true}]}}