{"id":7982,"date":"2016-12-15T19:26:41","date_gmt":"2016-12-15T19:26:41","guid":{"rendered":"http:\/\/richardbull.ca?page_id=7982"},"modified":"2020-05-28T12:27:15","modified_gmt":"2020-05-28T12:27:15","slug":"a-propos","status":"publish","type":"page","link":"https:\/\/richardbull.ca\/fr\/a-propos\/","title":{"rendered":"\u00c0 propos"},"content":{"rendered":"<div class=\"wpb-content-wrapper\"><p>[vc_row padding_top=\u00a0\u00bb1&Prime; padding_bottom=\u00a0\u00bb50&Prime;][vc_column alignment=\u00a0\u00bbcenter\u00a0\u00bb][vc_single_image image=\u00a0\u00bb8923&Prime;][vc_row_inner custom_style=\u00a0\u00bbpadding-right: 100px; padding-left: 100px;\u00a0\u00bb][vc_column_inner]<hr  class=\"noo-gap\" style=\" margin: 75px 0 0 0;\">[vc_column_text]<\/p>\n<div class=\"\" style=\"text-align: left;\">N\u00e9 \u00e0 Charny, petite ville ferroviaire au sud de Qu\u00e9bec, au Canada, Richard a fait preuve d&rsquo;un talent sc\u00e9nique et po\u00e9tique d\u00e8s son plus jeune \u00e2ge. Apr\u00e8s avoir \u00e9tudi\u00e9 le design et l&rsquo;art graphique, il a ouvert son premier studio en 1984. Il travaille pr\u00e9sentement dans la r\u00e9gion de Montr\u00e9al.<\/div>\n<div class=\"\" style=\"text-align: left;\"><br class=\"\" \/>Avec plus de 2000 projets artistiques \u00e0 son arc, Richard est concepteur professionnel et directeur artistique travaillant sur des projets multim\u00e9dias \u00e0 l&rsquo;int\u00e9rieur et \u00e0 l&rsquo;ext\u00e9rieur du Canada. Multi-talentueux, il s&rsquo;exprime par une approche multidisciplinaire des arts qui int\u00e8gre la peinture, l&rsquo;\u00e9criture, le design, la photographie, la vid\u00e9o et la musique.<\/div>\n<p>[\/vc_column_text][\/vc_column_inner][\/vc_row_inner]<hr  class=\"noo-gap\" >[vc_separator color=\u00a0\u00bb\u00a0\u00bb]<hr  class=\"noo-gap\" >[vc_row_inner custom_style=\u00a0\u00bbpadding-right: 100px; padding-left: 100px;\u00a0\u00bb][vc_column_inner width=\u00a0\u00bb1\/2&Prime;][vc_column_text]<\/p>\n<p style=\"text-align: left;\">L\u2019approche unique de Richard \u00e0 l\u2019art est bas\u00e9e sur l\u2019expression de la beaut\u00e9 profond\u00e9ment inh\u00e9rente de la nature et son processus de transformation constant et parfois mena\u00e7ant. En int\u00e9grant le charbon, le sable, les plantes s\u00e9ch\u00e9es et les bois dans ses tableaux, il cr\u00e9e des textures et des reliefs qui se mouvent\u00a0avec la lumi\u00e8re et les ombres dans l\u2019all\u00e9gorie du quotidien.<\/p>\n<p>[\/vc_column_text][\/vc_column_inner][vc_column_inner width=\u00a0\u00bb1\/2&Prime;][vc_single_image image=\u00a0\u00bb7862&Prime;][\/vc_column_inner][\/vc_row_inner]<hr  class=\"noo-gap\" >[vc_separator]<hr  class=\"noo-gap\" >[\/vc_column][\/vc_row]<\/p>\n<\/div>","protected":false},"excerpt":{"rendered":"<p>[vc_row padding_top=\u00a0\u00bb1&Prime; padding_bottom=\u00a0\u00bb50&Prime;][vc_column alignment=\u00a0\u00bbcenter\u00a0\u00bb][vc_single_image image=\u00a0\u00bb8923&Prime;][vc_row_inner custom_style=\u00a0\u00bbpadding-right: 100px; padding-left: 100px;\u00a0\u00bb][vc_column_inner][vc_column_text] N\u00e9 \u00e0 Charny, petite ville ferroviaire au sud de Qu\u00e9bec, au Canada, Richard a fait preuve d&rsquo;un talent sc\u00e9nique et po\u00e9tique d\u00e8s son plus jeune \u00e2ge. Apr\u00e8s avoir \u00e9tudi\u00e9 le design et l&rsquo;art graphique, il a ouvert son premier studio en 1984. Il travaille pr\u00e9sentement dans la r\u00e9gion de Montr\u00e9al. Avec<\/p>\n","protected":false},"author":1,"featured_media":0,"parent":0,"menu_order":0,"comment_status":"closed","ping_status":"closed","template":"page-full-width.php","meta":{"_monsterinsights_skip_tracking":false,"_monsterinsights_sitenote_active":false,"_monsterinsights_sitenote_note":"","_monsterinsights_sitenote_category":0,"_uf_show_specific_survey":0,"_uf_disable_surveys":false,"footnotes":""},"class_list":["post-7982","page","type-page","status-publish","hentry","no-featured"],"aioseo_notices":[],"jetpack_sharing_enabled":true,"_links":{"self":[{"href":"https:\/\/richardbull.ca\/fr\/wp-json\/wp\/v2\/pages\/7982","targetHints":{"allow":["GET"]}}],"collection":[{"href":"https:\/\/richardbull.ca\/fr\/wp-json\/wp\/v2\/pages"}],"about":[{"href":"https:\/\/richardbull.ca\/fr\/wp-json\/wp\/v2\/types\/page"}],"author":[{"embeddable":true,"href":"https:\/\/richardbull.ca\/fr\/wp-json\/wp\/v2\/users\/1"}],"replies":[{"embeddable":true,"href":"https:\/\/richardbull.ca\/fr\/wp-json\/wp\/v2\/comments?post=7982"}],"version-history":[{"count":9,"href":"https:\/\/richardbull.ca\/fr\/wp-json\/wp\/v2\/pages\/7982\/revisions"}],"predecessor-version":[{"id":8926,"href":"https:\/\/richardbull.ca\/fr\/wp-json\/wp\/v2\/pages\/7982\/revisions\/8926"}],"wp:attachment":[{"href":"https:\/\/richardbull.ca\/fr\/wp-json\/wp\/v2\/media?parent=7982"}],"curies":[{"name":"wp","href":"https:\/\/api.w.org\/{rel}","templated":true}]}}