{"id":10273,"date":"2025-03-09T21:13:57","date_gmt":"2025-03-09T21:13:57","guid":{"rendered":"https:\/\/richardbull.ca\/?page_id=10273"},"modified":"2025-05-13T21:02:29","modified_gmt":"2025-05-13T21:02:29","slug":"bull-0455","status":"publish","type":"page","link":"https:\/\/richardbull.ca\/fr\/bull-0455\/","title":{"rendered":"BULL-0455"},"content":{"rendered":"<div class=\"wpb-content-wrapper\"><p>[vc_row bg_color=\u00a0\u00bb#000000&Prime;][vc_column]<hr  class=\"noo-gap\" >[vc_column_text]<\/p>\n<h3 style=\"text-align: center;\"><span style=\"color: #ffffff;\"><b>BULL-0455<\/b><\/span><b><\/b><\/h3>\n<p>[\/vc_column_text]<hr  class=\"noo-gap\" >[vc_separator color=\u00a0\u00bb\u00a0\u00bb space_after=\u00a0\u00bb100&Prime;][\/vc_column][\/vc_row][vc_row padding_bottom=\u00a0\u00bb50&Prime; bg_color=\u00a0\u00bb#000000&Prime;][vc_column width=\u00a0\u00bb2\/3&Prime; alignment=\u00a0\u00bbcenter\u00a0\u00bb custom_style=\u00a0\u00bbpadding-left: 80px;\u00a0\u00bb][vc_single_image image=\u00a0\u00bb9186&Prime; onclick=\u00a0\u00bbcustom_link\u00a0\u00bb][\/vc_column][vc_column width=\u00a0\u00bb1\/3&Prime;][vc_row_inner][vc_column_inner width=\u00a0\u00bb3\/4&Prime;][vc_column_text]<span style=\"color: #ffffff;\"><strong>Rock Forest<\/strong><\/span><\/p>\n<p><span style=\"color: #ffffff;\">91,5 x 76 cm \/ 36 po x 30 po<\/span><br \/>\n<span style=\"color: #ffffff;\">BULL-0455<\/span><\/p>\n<p><span style=\"color: #ffffff;\">Technique mixte. Mat\u00e9riaux organiques aseptiques, acrylique m\u00e9dium<span class=\"Apple-converted-space\">\u00a0 <\/span>et vernis sur toile de coton sur support en bouleau.<\/span><\/p>\n<p><span style=\"color: #ffffff;\">Certificat d&rsquo;authenticit\u00e9 d\u00e9livr\u00e9 par l&rsquo;Artiste.<\/span><\/p>\n<p><span style=\"color: #ffffff;\">\u2192 disponible<\/span>[\/vc_column_text][\/vc_column_inner][vc_column_inner width=\u00a0\u00bb1\/4&Prime;]<hr  class=\"noo-gap\" >[\/vc_column_inner][\/vc_row_inner]<hr  class=\"noo-gap\" >[vc_column_text]<span style=\"color: #ffffff;\"><b>Cliquez sur les images ci-dessous pour plus de d\u00e9tails :<\/b><\/span>[\/vc_column_text]<hr  class=\"noo-gap\" style=\" margin: 20px 0 0 0;\">[vc_row_inner][vc_column_inner width=\u00a0\u00bb1\/4&Prime;]<a href=\"https:\/\/i0.wp.com\/richardbull.ca\/wp-content\/uploads\/2025\/01\/Bull_0455_1.png?ssl=1\"    id=\"noo-lightbox-item-1\" class=\"noo-lightbox-item\"  >\n<img decoding=\"async\" src=\"https:\/\/i0.wp.com\/richardbull.ca\/wp-content\/uploads\/2025\/01\/Bull_0455_1.png?resize=150%2C150&ssl=1\"   >\n<\/a>[\/vc_column_inner][vc_column_inner width=\u00a0\u00bb1\/4&Prime;]<a href=\"https:\/\/i0.wp.com\/richardbull.ca\/wp-content\/uploads\/2025\/01\/Bull_0455_2.png?ssl=1\"    id=\"noo-lightbox-item-2\" class=\"noo-lightbox-item\"  >\n<img decoding=\"async\" src=\"https:\/\/i0.wp.com\/richardbull.ca\/wp-content\/uploads\/2025\/01\/Bull_0455_2.png?resize=150%2C150&ssl=1\"   >\n<\/a>[\/vc_column_inner][vc_column_inner width=\u00a0\u00bb1\/4&Prime;]<hr  class=\"noo-gap\" >[\/vc_column_inner][vc_column_inner width=\u00a0\u00bb1\/4&Prime;]<hr  class=\"noo-gap\" >[\/vc_column_inner][\/vc_row_inner][\/vc_column][\/vc_row]<\/p>\n<\/div>","protected":false},"excerpt":{"rendered":"<p>[vc_row bg_color=\u00a0\u00bb#000000&Prime;][vc_column][vc_column_text] BULL-0455 [\/vc_column_text][vc_separator color=\u00a0\u00bb\u00a0\u00bb space_after=\u00a0\u00bb100&Prime;][\/vc_column][\/vc_row][vc_row padding_bottom=\u00a0\u00bb50&Prime; bg_color=\u00a0\u00bb#000000&Prime;][vc_column width=\u00a0\u00bb2\/3&Prime; alignment=\u00a0\u00bbcenter\u00a0\u00bb custom_style=\u00a0\u00bbpadding-left: 80px;\u00a0\u00bb][vc_single_image image=\u00a0\u00bb9186&Prime; onclick=\u00a0\u00bbcustom_link\u00a0\u00bb][\/vc_column][vc_column width=\u00a0\u00bb1\/3&Prime;][vc_row_inner][vc_column_inner width=\u00a0\u00bb3\/4&Prime;][vc_column_text]Rock Forest 91,5 x 76 cm \/ 36 po x 30 po BULL-0455 Technique mixte. Mat\u00e9riaux organiques aseptiques, acrylique m\u00e9dium\u00a0 et vernis sur toile de coton sur support en bouleau. Certificat d&rsquo;authenticit\u00e9 d\u00e9livr\u00e9 par l&rsquo;Artiste. \u2192 disponible[\/vc_column_text][\/vc_column_inner][vc_column_inner width=\u00a0\u00bb1\/4&Prime;][\/vc_column_inner][\/vc_row_inner][vc_column_text]Cliquez sur les images ci-dessous pour plus de<\/p>\n","protected":false},"author":1,"featured_media":0,"parent":0,"menu_order":0,"comment_status":"closed","ping_status":"closed","template":"page-full-width.php","meta":{"_monsterinsights_skip_tracking":false,"_monsterinsights_sitenote_active":false,"_monsterinsights_sitenote_note":"","_monsterinsights_sitenote_category":0,"_uf_show_specific_survey":0,"_uf_disable_surveys":false,"footnotes":""},"class_list":["post-10273","page","type-page","status-publish","hentry","no-featured"],"aioseo_notices":[],"jetpack_sharing_enabled":true,"_links":{"self":[{"href":"https:\/\/richardbull.ca\/fr\/wp-json\/wp\/v2\/pages\/10273","targetHints":{"allow":["GET"]}}],"collection":[{"href":"https:\/\/richardbull.ca\/fr\/wp-json\/wp\/v2\/pages"}],"about":[{"href":"https:\/\/richardbull.ca\/fr\/wp-json\/wp\/v2\/types\/page"}],"author":[{"embeddable":true,"href":"https:\/\/richardbull.ca\/fr\/wp-json\/wp\/v2\/users\/1"}],"replies":[{"embeddable":true,"href":"https:\/\/richardbull.ca\/fr\/wp-json\/wp\/v2\/comments?post=10273"}],"version-history":[{"count":4,"href":"https:\/\/richardbull.ca\/fr\/wp-json\/wp\/v2\/pages\/10273\/revisions"}],"predecessor-version":[{"id":10482,"href":"https:\/\/richardbull.ca\/fr\/wp-json\/wp\/v2\/pages\/10273\/revisions\/10482"}],"wp:attachment":[{"href":"https:\/\/richardbull.ca\/fr\/wp-json\/wp\/v2\/media?parent=10273"}],"curies":[{"name":"wp","href":"https:\/\/api.w.org\/{rel}","templated":true}]}}