{"id":10258,"date":"2025-03-09T20:59:35","date_gmt":"2025-03-09T20:59:35","guid":{"rendered":"https:\/\/richardbull.ca\/?page_id=10258"},"modified":"2025-03-13T19:51:08","modified_gmt":"2025-03-13T19:51:08","slug":"bull-0453","status":"publish","type":"page","link":"https:\/\/richardbull.ca\/fr\/bull-0453\/","title":{"rendered":"BULL-0453"},"content":{"rendered":"<div class=\"wpb-content-wrapper\"><p>[vc_row bg_color=\u00a0\u00bb#000000&Prime;][vc_column]<hr  class=\"noo-gap\" >[vc_column_text]<\/p>\n<h3 style=\"text-align: center;\"><span style=\"color: #ffffff;\"><b>BULL-0453<\/b><\/span><b><\/b><\/h3>\n<p>[\/vc_column_text]<hr  class=\"noo-gap\" >[vc_separator color=\u00a0\u00bb\u00a0\u00bb space_after=\u00a0\u00bb100&Prime;][\/vc_column][\/vc_row][vc_row padding_bottom=\u00a0\u00bb50&Prime; bg_color=\u00a0\u00bb#000000&Prime;][vc_column width=\u00a0\u00bb2\/3&Prime; alignment=\u00a0\u00bbcenter\u00a0\u00bb custom_style=\u00a0\u00bbpadding-left: 80px;\u00a0\u00bb][vc_single_image image=\u00a0\u00bb9951&Prime; onclick=\u00a0\u00bbcustom_link\u00a0\u00bb][\/vc_column][vc_column width=\u00a0\u00bb1\/3&Prime;][vc_row_inner][vc_column_inner width=\u00a0\u00bb2\/3&Prime;][vc_column_text]<span style=\"color: #ffffff;\"><b>Rays<\/b><b><\/b><\/span><\/p>\n<p><span style=\"color: #ffffff;\">102 x 76 cm \/ 40 po x 30 po<\/span><br \/>\n<span style=\"color: #ffffff;\">BULL-0453<\/span><\/p>\n<p><span style=\"color: #ffffff;\">Technique mixte. Mat\u00e9riaux organiques aseptiques, acrylique m\u00e9dium<span class=\"Apple-converted-space\">\u00a0 <\/span>et vernis sur toile de coton sur support en bouleau.<\/span><\/p>\n<p><span style=\"color: #ffffff;\">Certificat d&rsquo;authenticit\u00e9 d\u00e9livr\u00e9 par l&rsquo;Artiste.<\/span><\/p>\n<p><span style=\"color: #ffffff;\">\u2192 disponible<\/span>[\/vc_column_text][\/vc_column_inner][vc_column_inner width=\u00a0\u00bb1\/3&Prime;]<hr  class=\"noo-gap\" >[\/vc_column_inner][\/vc_row_inner]<hr  class=\"noo-gap\" style=\" margin: 80px 0 0 0;\">[vc_column_text]<span style=\"color: #ffffff;\"><b>Cliquez sur les images ci-dessous pour plus de d\u00e9tails :<\/b><\/span>[\/vc_column_text]<hr  class=\"noo-gap\" style=\" margin: 20px 0 0 0;\">[vc_row_inner][vc_column_inner width=\u00a0\u00bb1\/3&Prime;]<a href=\"https:\/\/i0.wp.com\/richardbull.ca\/wp-content\/uploads\/2025\/02\/Bull_0453_1.png?ssl=1\"    id=\"noo-lightbox-item-1\" class=\"noo-lightbox-item\"  >\n<img decoding=\"async\" src=\"https:\/\/i0.wp.com\/richardbull.ca\/wp-content\/uploads\/2025\/02\/Bull_0453_1.png?resize=150%2C150&ssl=1\"   >\n<\/a>[\/vc_column_inner][vc_column_inner width=\u00a0\u00bb1\/3&Prime;]<a href=\"https:\/\/i0.wp.com\/richardbull.ca\/wp-content\/uploads\/2025\/01\/Bull_0439_2.png?ssl=1\"    id=\"noo-lightbox-item-2\" class=\"noo-lightbox-item\"  >\n<img decoding=\"async\" src=\"https:\/\/i0.wp.com\/richardbull.ca\/wp-content\/uploads\/2025\/01\/Bull_0439_2.png?resize=150%2C150&ssl=1\"   >\n<\/a>[\/vc_column_inner][vc_column_inner width=\u00a0\u00bb1\/3&Prime;]<hr  class=\"noo-gap\" >[\/vc_column_inner][\/vc_row_inner][\/vc_column][\/vc_row]<\/p>\n<\/div>","protected":false},"excerpt":{"rendered":"<p>[vc_row bg_color=\u00a0\u00bb#000000&Prime;][vc_column][vc_column_text] BULL-0453 [\/vc_column_text][vc_separator color=\u00a0\u00bb\u00a0\u00bb space_after=\u00a0\u00bb100&Prime;][\/vc_column][\/vc_row][vc_row padding_bottom=\u00a0\u00bb50&Prime; bg_color=\u00a0\u00bb#000000&Prime;][vc_column width=\u00a0\u00bb2\/3&Prime; alignment=\u00a0\u00bbcenter\u00a0\u00bb custom_style=\u00a0\u00bbpadding-left: 80px;\u00a0\u00bb][vc_single_image image=\u00a0\u00bb9951&Prime; onclick=\u00a0\u00bbcustom_link\u00a0\u00bb][\/vc_column][vc_column width=\u00a0\u00bb1\/3&Prime;][vc_row_inner][vc_column_inner width=\u00a0\u00bb2\/3&Prime;][vc_column_text]Rays 102 x 76 cm \/ 40 po x 30 po BULL-0453 Technique mixte. Mat\u00e9riaux organiques aseptiques, acrylique m\u00e9dium\u00a0 et vernis sur toile de coton sur support en bouleau. Certificat d&rsquo;authenticit\u00e9 d\u00e9livr\u00e9 par l&rsquo;Artiste. \u2192 disponible[\/vc_column_text][\/vc_column_inner][vc_column_inner width=\u00a0\u00bb1\/3&Prime;][\/vc_column_inner][\/vc_row_inner][vc_column_text]Cliquez sur les images ci-dessous pour plus de d\u00e9tails<\/p>\n","protected":false},"author":1,"featured_media":0,"parent":0,"menu_order":0,"comment_status":"closed","ping_status":"closed","template":"page-full-width.php","meta":{"_monsterinsights_skip_tracking":false,"_monsterinsights_sitenote_active":false,"_monsterinsights_sitenote_note":"","_monsterinsights_sitenote_category":0,"_uf_show_specific_survey":0,"_uf_disable_surveys":false,"footnotes":""},"class_list":["post-10258","page","type-page","status-publish","hentry","no-featured"],"aioseo_notices":[],"jetpack_sharing_enabled":true,"_links":{"self":[{"href":"https:\/\/richardbull.ca\/fr\/wp-json\/wp\/v2\/pages\/10258","targetHints":{"allow":["GET"]}}],"collection":[{"href":"https:\/\/richardbull.ca\/fr\/wp-json\/wp\/v2\/pages"}],"about":[{"href":"https:\/\/richardbull.ca\/fr\/wp-json\/wp\/v2\/types\/page"}],"author":[{"embeddable":true,"href":"https:\/\/richardbull.ca\/fr\/wp-json\/wp\/v2\/users\/1"}],"replies":[{"embeddable":true,"href":"https:\/\/richardbull.ca\/fr\/wp-json\/wp\/v2\/comments?post=10258"}],"version-history":[{"count":2,"href":"https:\/\/richardbull.ca\/fr\/wp-json\/wp\/v2\/pages\/10258\/revisions"}],"predecessor-version":[{"id":10355,"href":"https:\/\/richardbull.ca\/fr\/wp-json\/wp\/v2\/pages\/10258\/revisions\/10355"}],"wp:attachment":[{"href":"https:\/\/richardbull.ca\/fr\/wp-json\/wp\/v2\/media?parent=10258"}],"curies":[{"name":"wp","href":"https:\/\/api.w.org\/{rel}","templated":true}]}}