{"id":8073,"date":"2016-11-14T17:05:39","date_gmt":"2016-11-14T17:05:39","guid":{"rendered":"http:\/\/richardbull.ca\/about-richard-bull"},"modified":"2020-05-28T12:28:25","modified_gmt":"2020-05-28T12:28:25","slug":"wer-ist-richard-bull","status":"publish","type":"page","link":"https:\/\/richardbull.ca\/de\/wer-ist-richard-bull\/","title":{"rendered":"Wer ist Richard Bull"},"content":{"rendered":"<div class=\"wpb-content-wrapper\"><p>[vc_row padding_top=&#8220;1&#8243; padding_bottom=&#8220;50&#8243;][vc_column alignment=&#8220;center&#8220;][vc_single_image image=&#8220;8924&#8243;][vc_row_inner custom_style=&#8220;padding-right: 100px; padding-left: 100px;&#8220;][vc_column_inner]<hr  class=\"noo-gap\" style=\" margin: 75px 0 0 0;\">[vc_column_text]<\/p>\n<div class=\"\" style=\"text-align: left;\">Geboren in Charny, einer kleinen Eisenbahnstadt s\u00fcdlich der Stadt Qu\u00e9bec, Kanada, zeigte Richard schon fr\u00fch Zeichen k\u00fcnstlerischen und poetischen Talents. Nach dem Studium von Design und Grafik er\u00f6ffnet er sein erstes Studio im Jahr 1984. Er arbeitet derzeit in Montr\u00e9al, Qu\u00e9bec.<\/div>\n<div class=\"\" style=\"text-align: left;\"><br class=\"\" \/>Mit mehr als 2000 Kunstprojekten ist Richard ein professioneller Konzeptor und Kunstdirektor f\u00fcr multimediale Projekte in und au\u00dferhalb Kanadas. Multi-talentiert, integriert er in seinem multidisziplin\u00e4ren Ansatz f\u00fcr die K\u00fcnste Malerei, Schrift, Design, Fotografie, Video sowie Musik.<\/div>\n<p>[\/vc_column_text][\/vc_column_inner][\/vc_row_inner]<hr  class=\"noo-gap\" >[vc_separator color=&#8220;&#8220;]<hr  class=\"noo-gap\" >[vc_row_inner custom_style=&#8220;padding-right: 100px; padding-left: 100px;&#8220;][vc_column_inner width=&#8220;1\/2&#8243;][vc_column_text]<\/p>\n<p style=\"text-align: left;\">Richards einzigartige Herangehensweise an die Kunst basiert auf dem Ausdruck der tief inh\u00e4renten Sch\u00f6nheit der Natur und ihrem st\u00e4ndigen, manchmal bedrohlichen Ver\u00e4nderungsprozess. Durch die Integration von Kohle, Sand, getrockneter Pflanzen und Holz in seinen Bildern schafft er Texturen und Reliefs, die sich mit Licht und Schatten des t\u00e4glichen Ablaufs bewegen.<\/p>\n<p>[\/vc_column_text][\/vc_column_inner][vc_column_inner width=&#8220;1\/2&#8243;][vc_single_image image=&#8220;7862&#8243;][\/vc_column_inner][\/vc_row_inner]<hr  class=\"noo-gap\" >[vc_separator]<hr  class=\"noo-gap\" >[\/vc_column][\/vc_row]<\/p>\n<\/div>","protected":false},"excerpt":{"rendered":"<p>[vc_row padding_top=&#8220;1&#8243; padding_bottom=&#8220;50&#8243;][vc_column alignment=&#8220;center&#8220;][vc_single_image image=&#8220;8924&#8243;][vc_row_inner custom_style=&#8220;padding-right: 100px; padding-left: 100px;&#8220;][vc_column_inner][vc_column_text] Geboren in Charny, einer kleinen Eisenbahnstadt s\u00fcdlich der Stadt Qu\u00e9bec, Kanada, zeigte Richard schon fr\u00fch Zeichen k\u00fcnstlerischen und poetischen Talents. Nach dem Studium von Design und Grafik er\u00f6ffnet er sein erstes Studio im Jahr 1984. Er arbeitet derzeit in Montr\u00e9al, Qu\u00e9bec. Mit mehr als 2000 Kunstprojekten ist Richard ein professioneller Konzeptor<\/p>\n","protected":false},"author":1,"featured_media":0,"parent":0,"menu_order":0,"comment_status":"closed","ping_status":"closed","template":"page-full-width.php","meta":{"_monsterinsights_skip_tracking":false,"_monsterinsights_sitenote_active":false,"_monsterinsights_sitenote_note":"","_monsterinsights_sitenote_category":0,"_uf_show_specific_survey":0,"_uf_disable_surveys":false,"footnotes":""},"class_list":["post-8073","page","type-page","status-publish","hentry","no-featured"],"aioseo_notices":[],"jetpack_sharing_enabled":true,"_links":{"self":[{"href":"https:\/\/richardbull.ca\/de\/wp-json\/wp\/v2\/pages\/8073","targetHints":{"allow":["GET"]}}],"collection":[{"href":"https:\/\/richardbull.ca\/de\/wp-json\/wp\/v2\/pages"}],"about":[{"href":"https:\/\/richardbull.ca\/de\/wp-json\/wp\/v2\/types\/page"}],"author":[{"embeddable":true,"href":"https:\/\/richardbull.ca\/de\/wp-json\/wp\/v2\/users\/1"}],"replies":[{"embeddable":true,"href":"https:\/\/richardbull.ca\/de\/wp-json\/wp\/v2\/comments?post=8073"}],"version-history":[{"count":14,"href":"https:\/\/richardbull.ca\/de\/wp-json\/wp\/v2\/pages\/8073\/revisions"}],"predecessor-version":[{"id":8927,"href":"https:\/\/richardbull.ca\/de\/wp-json\/wp\/v2\/pages\/8073\/revisions\/8927"}],"wp:attachment":[{"href":"https:\/\/richardbull.ca\/de\/wp-json\/wp\/v2\/media?parent=8073"}],"curies":[{"name":"wp","href":"https:\/\/api.w.org\/{rel}","templated":true}]}}